{"id":13,"date":"2018-04-16T08:50:09","date_gmt":"2018-04-16T11:50:09","guid":{"rendered":"http:\/\/localhost\/base\/sitenovo\/?page_id=13"},"modified":"2025-11-21T13:12:18","modified_gmt":"2025-11-21T16:12:18","slug":"quem-somos","status":"publish","type":"page","link":"https:\/\/www.mocarzel.com.br\/site\/quem-somos\/","title":{"rendered":"Quem Somos"},"content":{"rendered":"\n<p>Presentes no mercado de assessoria cont\u00e1bil, especializada em presta\u00e7\u00e3o de servi\u00e7os a mais de 35 anos, nos dedicamos a identificar procedimentos que possam ajudar nossos clientes a gerenciar os seus neg\u00f3cios.<\/p>\n\n\n\n<p>Nossa empresa est\u00e1 pronta para lhe oferecer as melhores solu\u00e7\u00f5es em contabilidade, departamento pessoal, escritura\u00e7\u00e3o fiscal e planejamento tribut\u00e1rio.<\/p>\n\n\n\n<p>Nossos procedimentos de trabalho s\u00e3o totalmente descritos em manuais internos, garantido alt\u00edssima confiabilidade nos resultados; al\u00e9m desta nossa equipe \u00e9 constantemente treinada e aprimorada, para que sua empresa conte com o apoio de excelentes profissionais. <\/p>\n\n\n\n<p><strong>Estamos prontos para atend\u00ea-lo, sejam quais forem suas necessidades cont\u00e1beis.<\/strong><\/p>\n\n\n\n<p>Somos uma organiza\u00e7\u00e3o cont\u00e1bil especializada na \u00e1rea de presta\u00e7\u00e3o de servi\u00e7os, onde destacamos os profissionais de inform\u00e1tica, consultoria, cl\u00ednicas m\u00e9dicas, profissionais de medicina veterin\u00e1ria, odontologia, fisioterapia, est\u00e9tica, educa\u00e7\u00e3o f\u00edsica, nutri\u00e7\u00e3o, entre outros. <strong>Presente em todos os estados do Brasil.<\/strong> Contamos tamb\u00e9m com uma ampla carteira de clientes voltados ao com\u00e9rcio enquadrados no Simples Nacional, como padarias, supermercados, pet shops entre outros voltado ao Simples Nacional.<\/p>\n\n\n\n<div class=\"c-about-single-message\">\n<div class=\"row\" style=\"gap: 24px 0;\">\n<div class=\"col-12 col-md-9\">\n<p>Muito prazer, eu sou o <strong>Julio Jos\u00e9 Mocarzel<\/strong>, Contador, administrador e CEO da Contabilidade Mocarzel. \nEm 1990 decidi abrir meu escrit\u00f3rio, com o prop\u00f3sito de mudar a percep\u00e7\u00e3o do contador para com o empres\u00e1rio, mostrar que a contabilidade pode ser aliada e extremamente importante na tomada de decis\u00e3o.<\/p>\n\n<p>Ser\u00e1 um grande prazer t\u00ea-lo em nosso time de clientes, juntos daremos nosso melhor para que essa parceria seja um grande sucesso. <br>\n<strong>Aqui nosso prop\u00f3sito \u00e9 contabilizar o seu SUCESSO.<\/strong><\/p>\n\n<p>Um Grande abra\u00e7o!!!<\/p>\n<\/div>\n<div class=\"col-12 col-md\">\n<img decoding=\"async\" data-src=\"https:\/\/www.mocarzel.com.br\/site\/wp-content\/uploads\/2025\/11\/foto_juliomocarzel.webp\" class=\"img-fluid lazyload\" alt=\"Foto de Julio Mocarzel\" src=\"data:image\/svg+xml;base64,PHN2ZyB3aWR0aD0iMSIgaGVpZ2h0PSIxIiB4bWxucz0iaHR0cDovL3d3dy53My5vcmcvMjAwMC9zdmciPjwvc3ZnPg==\" style=\"--smush-placeholder-width: 518px; --smush-placeholder-aspect-ratio: 518\/773;\">\n<\/div>\n<\/div><\/div>\n\n\n\n<h3 class=\"wp-block-heading has-text-align-left text-left\">Miss\u00e3o<\/h3>\n\n\n\n<p>Atender e apoiar as empresas na adequada condu\u00e7\u00e3o de suas quest\u00f5es cont\u00e1beis, trabalhistas, tribut\u00e1rias, financeiras e gerenciais, oferecendo informa\u00e7\u00f5es relevantes, precisas e \u00e1geis, suprindo as necessidades dos clientes de informa\u00e7\u00f5es atuais e precisas na \u00e1rea cont\u00e1bil.<\/p>\n\n\n\n<div style=\"height:50px\" aria-hidden=\"true\" class=\"wp-block-spacer\"><\/div>\n\n\n\n<h3 class=\"wp-block-heading\">Vis\u00e3o<\/h3>\n\n\n\n<p>Ser refer\u00eancia no mercado de consultoria cont\u00e1bil, com foco no cliente e no reconhecimento da import\u00e2ncia da contabilidade na gest\u00e3o empresarial, fundamentando nosso relacionamento na parceria com os clientes e no comprometimento com sua satisfa\u00e7\u00e3o.<\/p>\n\n\n\n<div style=\"height:50px\" aria-hidden=\"true\" class=\"wp-block-spacer\"><\/div>\n\n\n\n<h3 class=\"wp-block-heading text-left\">Valores<\/h3>\n\n\n\n<p>Responsabilidade, comprometimento, profissionalismo e qualidade no que fazemos;<br>Respeito, harmonia e toler\u00e2ncia com nossas pessoas;<br>\u00c9tica, transpar\u00eancia e seriedade com a sociedade.<\/p>\n\n\n\n<div style=\"height:50px\" aria-hidden=\"true\" class=\"wp-block-spacer\"><\/div>\n\n\n\n<p><strong>PRINCIPAIS SERVI\u00c7OS OFERECIDOS:<\/strong><\/p>\n\n\n\n<ul class=\"wp-block-list\">\n<li>Todos os processos de Abertura, Altera\u00e7\u00f5es e &nbsp;encerramento de Empresas;<\/li>\n\n\n\n<li>Certid\u00f5es Negativas nos diversos \u00f3rg\u00e3os governamentais;<\/li>\n\n\n\n<li>Escritura\u00e7\u00e3o Fiscal\/Cont\u00e1bil e livro Caixa para Aut\u00f4nomo e folha de pagamento;<\/li>\n\n\n\n<li>Emiss\u00e3o e c\u00e1lculo de impostos, Federais, Municipais;<\/li>\n\n\n\n<li>Informe de Rendimentos dos S\u00f3cios \u2013 para que voc\u00ea possa fazer sua Declara\u00e7\u00e3o de Imposto de Renda;<\/li>\n\n\n\n<li>Declara\u00e7\u00f5es gerais;<\/li>\n\n\n\n<li>RAIS \u2013 Rela\u00e7\u00e3o de Informa\u00e7\u00f5es Sociais;<\/li>\n\n\n\n<li>DCTF \u2013 Declara\u00e7\u00e3o de Contribuintes e Tributos Federais;<\/li>\n\n\n\n<li>Escritura\u00e7\u00e3o Digital SPED: ECD, ECF, EFD Contribui\u00e7\u00f5es dentre outras;<\/li>\n\n\n\n<li>Parcelamentos;<\/li>\n\n\n\n<li>D-SUP Declara\u00e7\u00e3o Eletr\u00f4nica das Sociedades de Profissionais;<\/li>\n\n\n\n<li>Qualquer outra obriga\u00e7\u00e3o eventual que seja exigida pelos \u00d3rg\u00e3os Governamentais, Inclusive Estamos nos preparando para o eSocial e Reinf;<\/li>\n\n\n\n<li>Consultoria e treinamentos para nossos clientes, para que fiquem aptos a cumprir com as normas fiscais na emiss\u00e3o de notas, interpreta\u00e7\u00e3o da Legisla\u00e7\u00e3o e elabora\u00e7\u00e3o de relat\u00f3rios.<\/li>\n\n\n\n<li>Sempre prestando servi\u00e7os cont\u00e1beis com excel\u00eancia e qualidade!<\/li>\n<\/ul>\n","protected":false},"excerpt":{"rendered":"<p>Presentes no mercado de assessoria cont\u00e1bil, especializada em presta\u00e7\u00e3o de servi\u00e7os a mais de 35 anos, nos dedicamos a identificar procedimentos que possam ajudar nossos clientes a gerenciar os seus neg\u00f3cios. Nossa empresa est\u00e1 pronta para lhe oferecer as melhores solu\u00e7\u00f5es em contabilidade, departamento pessoal, escritura\u00e7\u00e3o fiscal e planejamento tribut\u00e1rio. Nossos procedimentos de trabalho s\u00e3o &hellip; <a href=\"https:\/\/www.mocarzel.com.br\/site\/quem-somos\/\">Continua<\/a><\/p>\n","protected":false},"author":2,"featured_media":0,"parent":0,"menu_order":0,"comment_status":"closed","ping_status":"closed","template":"page-padrao.php","meta":{"footnotes":""},"class_list":["post-13","page","type-page","status-publish","hentry"],"acf":[],"yoast_head":"<!-- This site is optimized with the Yoast SEO plugin v26.7 - https:\/\/yoast.com\/wordpress\/plugins\/seo\/ -->\n<title>Quem Somos - Mocarzel Contabilizando Sucesso<\/title>\n<meta name=\"robots\" content=\"index, follow, max-snippet:-1, max-image-preview:large, max-video-preview:-1\" \/>\n<link rel=\"canonical\" href=\"https:\/\/www.mocarzel.com.br\/site\/quem-somos\/\" \/>\n<meta property=\"og:locale\" content=\"pt_BR\" \/>\n<meta property=\"og:type\" content=\"article\" \/>\n<meta property=\"og:title\" content=\"Quem Somos - Mocarzel Contabilizando Sucesso\" \/>\n<meta property=\"og:description\" content=\"Presentes no mercado de assessoria cont\u00e1bil, especializada em presta\u00e7\u00e3o de servi\u00e7os a mais de 35 anos, nos dedicamos a identificar procedimentos que possam ajudar nossos clientes a gerenciar os seus neg\u00f3cios. Nossa empresa est\u00e1 pronta para lhe oferecer as melhores solu\u00e7\u00f5es em contabilidade, departamento pessoal, escritura\u00e7\u00e3o fiscal e planejamento tribut\u00e1rio. Nossos procedimentos de trabalho s\u00e3o &hellip; Continua\" \/>\n<meta property=\"og:url\" content=\"https:\/\/www.mocarzel.com.br\/site\/quem-somos\/\" \/>\n<meta property=\"og:site_name\" content=\"Mocarzel Contabilizando Sucesso\" \/>\n<meta property=\"article:publisher\" content=\"https:\/\/www.facebook.com\/mocarzelcontabilidade\/\" \/>\n<meta property=\"article:modified_time\" content=\"2025-11-21T16:12:18+00:00\" \/>\n<meta property=\"og:image\" content=\"https:\/\/www.mocarzel.com.br\/site\/wp-content\/uploads\/2025\/11\/foto_juliomocarzel.webp\" \/>\n<meta name=\"twitter:card\" content=\"summary_large_image\" \/>\n<meta name=\"twitter:label1\" content=\"Est. tempo de leitura\" \/>\n\t<meta name=\"twitter:data1\" content=\"3 minutos\" \/>\n<script type=\"application\/ld+json\" class=\"yoast-schema-graph\">{\"@context\":\"https:\/\/schema.org\",\"@graph\":[{\"@type\":\"WebPage\",\"@id\":\"https:\/\/www.mocarzel.com.br\/site\/quem-somos\/\",\"url\":\"https:\/\/www.mocarzel.com.br\/site\/quem-somos\/\",\"name\":\"Quem Somos - Mocarzel Contabilizando Sucesso\",\"isPartOf\":{\"@id\":\"https:\/\/www.mocarzel.com.br\/site\/#website\"},\"primaryImageOfPage\":{\"@id\":\"https:\/\/www.mocarzel.com.br\/site\/quem-somos\/#primaryimage\"},\"image\":{\"@id\":\"https:\/\/www.mocarzel.com.br\/site\/quem-somos\/#primaryimage\"},\"thumbnailUrl\":\"https:\/\/www.mocarzel.com.br\/site\/wp-content\/uploads\/2025\/11\/foto_juliomocarzel.webp\",\"datePublished\":\"2018-04-16T11:50:09+00:00\",\"dateModified\":\"2025-11-21T16:12:18+00:00\",\"breadcrumb\":{\"@id\":\"https:\/\/www.mocarzel.com.br\/site\/quem-somos\/#breadcrumb\"},\"inLanguage\":\"pt-BR\",\"potentialAction\":[{\"@type\":\"ReadAction\",\"target\":[\"https:\/\/www.mocarzel.com.br\/site\/quem-somos\/\"]}]},{\"@type\":\"ImageObject\",\"inLanguage\":\"pt-BR\",\"@id\":\"https:\/\/www.mocarzel.com.br\/site\/quem-somos\/#primaryimage\",\"url\":\"https:\/\/www.mocarzel.com.br\/site\/wp-content\/uploads\/2025\/11\/foto_juliomocarzel.webp\",\"contentUrl\":\"https:\/\/www.mocarzel.com.br\/site\/wp-content\/uploads\/2025\/11\/foto_juliomocarzel.webp\",\"width\":518,\"height\":773},{\"@type\":\"BreadcrumbList\",\"@id\":\"https:\/\/www.mocarzel.com.br\/site\/quem-somos\/#breadcrumb\",\"itemListElement\":[{\"@type\":\"ListItem\",\"position\":1,\"name\":\"In\u00edcio\",\"item\":\"https:\/\/www.mocarzel.com.br\/site\/\"},{\"@type\":\"ListItem\",\"position\":2,\"name\":\"Quem Somos\"}]},{\"@type\":\"WebSite\",\"@id\":\"https:\/\/www.mocarzel.com.br\/site\/#website\",\"url\":\"https:\/\/www.mocarzel.com.br\/site\/\",\"name\":\"Mocarzel Contabilizando Sucesso\",\"description\":\"\",\"publisher\":{\"@id\":\"https:\/\/www.mocarzel.com.br\/site\/#organization\"},\"potentialAction\":[{\"@type\":\"SearchAction\",\"target\":{\"@type\":\"EntryPoint\",\"urlTemplate\":\"https:\/\/www.mocarzel.com.br\/site\/?s={search_term_string}\"},\"query-input\":{\"@type\":\"PropertyValueSpecification\",\"valueRequired\":true,\"valueName\":\"search_term_string\"}}],\"inLanguage\":\"pt-BR\"},{\"@type\":\"Organization\",\"@id\":\"https:\/\/www.mocarzel.com.br\/site\/#organization\",\"name\":\"Mocarzel\",\"url\":\"https:\/\/www.mocarzel.com.br\/site\/\",\"logo\":{\"@type\":\"ImageObject\",\"inLanguage\":\"pt-BR\",\"@id\":\"https:\/\/www.mocarzel.com.br\/site\/#\/schema\/logo\/image\/\",\"url\":\"http:\/\/www.mocarzel.com.br\/site\/wp-content\/uploads\/2021\/01\/favicon.png\",\"contentUrl\":\"http:\/\/www.mocarzel.com.br\/site\/wp-content\/uploads\/2021\/01\/favicon.png\",\"width\":512,\"height\":512,\"caption\":\"Mocarzel\"},\"image\":{\"@id\":\"https:\/\/www.mocarzel.com.br\/site\/#\/schema\/logo\/image\/\"},\"sameAs\":[\"https:\/\/www.facebook.com\/mocarzelcontabilidade\/\",\"https:\/\/www.instagram.com\/mocarzelcontabilidade\/\"]}]}<\/script>\n<!-- \/ Yoast SEO plugin. -->","yoast_head_json":{"title":"Quem Somos - Mocarzel Contabilizando Sucesso","robots":{"index":"index","follow":"follow","max-snippet":"max-snippet:-1","max-image-preview":"max-image-preview:large","max-video-preview":"max-video-preview:-1"},"canonical":"https:\/\/www.mocarzel.com.br\/site\/quem-somos\/","og_locale":"pt_BR","og_type":"article","og_title":"Quem Somos - Mocarzel Contabilizando Sucesso","og_description":"Presentes no mercado de assessoria cont\u00e1bil, especializada em presta\u00e7\u00e3o de servi\u00e7os a mais de 35 anos, nos dedicamos a identificar procedimentos que possam ajudar nossos clientes a gerenciar os seus neg\u00f3cios. Nossa empresa est\u00e1 pronta para lhe oferecer as melhores solu\u00e7\u00f5es em contabilidade, departamento pessoal, escritura\u00e7\u00e3o fiscal e planejamento tribut\u00e1rio. Nossos procedimentos de trabalho s\u00e3o &hellip; Continua","og_url":"https:\/\/www.mocarzel.com.br\/site\/quem-somos\/","og_site_name":"Mocarzel Contabilizando Sucesso","article_publisher":"https:\/\/www.facebook.com\/mocarzelcontabilidade\/","article_modified_time":"2025-11-21T16:12:18+00:00","og_image":[{"url":"https:\/\/www.mocarzel.com.br\/site\/wp-content\/uploads\/2025\/11\/foto_juliomocarzel.webp","type":"","width":"","height":""}],"twitter_card":"summary_large_image","twitter_misc":{"Est. tempo de leitura":"3 minutos"},"schema":{"@context":"https:\/\/schema.org","@graph":[{"@type":"WebPage","@id":"https:\/\/www.mocarzel.com.br\/site\/quem-somos\/","url":"https:\/\/www.mocarzel.com.br\/site\/quem-somos\/","name":"Quem Somos - Mocarzel Contabilizando Sucesso","isPartOf":{"@id":"https:\/\/www.mocarzel.com.br\/site\/#website"},"primaryImageOfPage":{"@id":"https:\/\/www.mocarzel.com.br\/site\/quem-somos\/#primaryimage"},"image":{"@id":"https:\/\/www.mocarzel.com.br\/site\/quem-somos\/#primaryimage"},"thumbnailUrl":"https:\/\/www.mocarzel.com.br\/site\/wp-content\/uploads\/2025\/11\/foto_juliomocarzel.webp","datePublished":"2018-04-16T11:50:09+00:00","dateModified":"2025-11-21T16:12:18+00:00","breadcrumb":{"@id":"https:\/\/www.mocarzel.com.br\/site\/quem-somos\/#breadcrumb"},"inLanguage":"pt-BR","potentialAction":[{"@type":"ReadAction","target":["https:\/\/www.mocarzel.com.br\/site\/quem-somos\/"]}]},{"@type":"ImageObject","inLanguage":"pt-BR","@id":"https:\/\/www.mocarzel.com.br\/site\/quem-somos\/#primaryimage","url":"https:\/\/www.mocarzel.com.br\/site\/wp-content\/uploads\/2025\/11\/foto_juliomocarzel.webp","contentUrl":"https:\/\/www.mocarzel.com.br\/site\/wp-content\/uploads\/2025\/11\/foto_juliomocarzel.webp","width":518,"height":773},{"@type":"BreadcrumbList","@id":"https:\/\/www.mocarzel.com.br\/site\/quem-somos\/#breadcrumb","itemListElement":[{"@type":"ListItem","position":1,"name":"In\u00edcio","item":"https:\/\/www.mocarzel.com.br\/site\/"},{"@type":"ListItem","position":2,"name":"Quem Somos"}]},{"@type":"WebSite","@id":"https:\/\/www.mocarzel.com.br\/site\/#website","url":"https:\/\/www.mocarzel.com.br\/site\/","name":"Mocarzel Contabilizando Sucesso","description":"","publisher":{"@id":"https:\/\/www.mocarzel.com.br\/site\/#organization"},"potentialAction":[{"@type":"SearchAction","target":{"@type":"EntryPoint","urlTemplate":"https:\/\/www.mocarzel.com.br\/site\/?s={search_term_string}"},"query-input":{"@type":"PropertyValueSpecification","valueRequired":true,"valueName":"search_term_string"}}],"inLanguage":"pt-BR"},{"@type":"Organization","@id":"https:\/\/www.mocarzel.com.br\/site\/#organization","name":"Mocarzel","url":"https:\/\/www.mocarzel.com.br\/site\/","logo":{"@type":"ImageObject","inLanguage":"pt-BR","@id":"https:\/\/www.mocarzel.com.br\/site\/#\/schema\/logo\/image\/","url":"http:\/\/www.mocarzel.com.br\/site\/wp-content\/uploads\/2021\/01\/favicon.png","contentUrl":"http:\/\/www.mocarzel.com.br\/site\/wp-content\/uploads\/2021\/01\/favicon.png","width":512,"height":512,"caption":"Mocarzel"},"image":{"@id":"https:\/\/www.mocarzel.com.br\/site\/#\/schema\/logo\/image\/"},"sameAs":["https:\/\/www.facebook.com\/mocarzelcontabilidade\/","https:\/\/www.instagram.com\/mocarzelcontabilidade\/"]}]}},"_links":{"self":[{"href":"https:\/\/www.mocarzel.com.br\/site\/wp-json\/wp\/v2\/pages\/13","targetHints":{"allow":["GET"]}}],"collection":[{"href":"https:\/\/www.mocarzel.com.br\/site\/wp-json\/wp\/v2\/pages"}],"about":[{"href":"https:\/\/www.mocarzel.com.br\/site\/wp-json\/wp\/v2\/types\/page"}],"author":[{"embeddable":true,"href":"https:\/\/www.mocarzel.com.br\/site\/wp-json\/wp\/v2\/users\/2"}],"replies":[{"embeddable":true,"href":"https:\/\/www.mocarzel.com.br\/site\/wp-json\/wp\/v2\/comments?post=13"}],"version-history":[{"count":26,"href":"https:\/\/www.mocarzel.com.br\/site\/wp-json\/wp\/v2\/pages\/13\/revisions"}],"predecessor-version":[{"id":988,"href":"https:\/\/www.mocarzel.com.br\/site\/wp-json\/wp\/v2\/pages\/13\/revisions\/988"}],"wp:attachment":[{"href":"https:\/\/www.mocarzel.com.br\/site\/wp-json\/wp\/v2\/media?parent=13"}],"curies":[{"name":"wp","href":"https:\/\/api.w.org\/{rel}","templated":true}]}}